{"id":3,"date":"2025-10-08T15:38:27","date_gmt":"2025-10-08T15:38:27","guid":{"rendered":"https:\/\/aixaasesores.rkinformatika.online\/?page_id=3"},"modified":"2025-10-09T11:33:58","modified_gmt":"2025-10-09T11:33:58","slug":"accesibilidad","status":"publish","type":"page","link":"https:\/\/aixaasesores.com\/eu\/accesibilidad\/","title":{"rendered":"Erabilerraztasuna"},"content":{"rendered":"<div data-elementor-type=\"wp-page\" data-elementor-id=\"3\" class=\"elementor elementor-3\" data-elementor-post-type=\"page\">\n\t\t\t\t\t\t<section class=\"elementor-section elementor-top-section elementor-element elementor-element-9846202 elementor-section-boxed elementor-section-height-default elementor-section-height-default\" data-id=\"9846202\" data-element_type=\"section\" data-e-type=\"section\">\n\t\t\t\t\t\t<div class=\"elementor-container elementor-column-gap-default\">\n\t\t\t\t\t<div class=\"elementor-column elementor-col-100 elementor-top-column elementor-element elementor-element-3706cf2\" data-id=\"3706cf2\" data-element_type=\"column\" data-e-type=\"column\">\n\t\t\t<div class=\"elementor-widget-wrap elementor-element-populated\">\n\t\t\t\t\t\t<div class=\"elementor-element elementor-element-65ac5d9 elementor-widget elementor-widget-text-editor\" data-id=\"65ac5d9\" data-element_type=\"widget\" data-e-type=\"widget\" data-widget_type=\"text-editor.default\">\n\t\t\t\t\t\t\t\t\t<h1 class=\"western\"><b>ACCESIBILIDAD<\/b><\/h1><p><b>Aixa Asesores S.L.<\/b>\u00a0se ha comprometido a hacer accesible su sitio web, de conformidad con el\u00a0<a href=\"https:\/\/www.boe.es\/diario_boe\/txt.php?id=BOE-A-2018-12699\" target=\"_blank\" rel=\"noopener\">Real Decreto 1112\/2018, de 7 de septiembre, sobre accesibilidad de los sitios web y aplicaciones para dispositivos m\u00f3viles del sector p\u00fablico.<\/a><\/p><p>La presente declaraci\u00f3n de accesibilidad se aplica al sitio web\u00a0<b>https:\/\/aixaasesores.com<\/b><b>\/<\/b><\/p><h2 class=\"western\">Situaci\u00f3n de cumplimiento<\/h2><p>Este sitio web es parcialmente conforme con el\u00a0<a href=\"https:\/\/www.boe.es\/diario_boe\/txt.php?id=BOE-A-2018-12699\" target=\"_blank\" rel=\"noopener\">RD 1112\/2018<\/a>.<\/p><h2 class=\"western\">Preparaci\u00f3n para la siguiente declaraci\u00f3n de accesibilidad<\/h2><p>La presente declaraci\u00f3n fue preparada el <b>09<\/b><b>\u00a0de Octubre<\/b><b>\u00a0de 2025.<\/b><\/p><p>El m\u00e9todo empleado para preparar la declaraci\u00f3n ha sido una autoevaluaci\u00f3n llevada a cabo por el propio organismo.<\/p><p>Observaciones y datos de contacto<\/p><p>Puede realizar comunicaciones sobre requisitos de accesibilidad (art\u00edculo 10.2.a del RD 1112\/2018) como, por ejemplo:<\/p><ul><li><p>Informar sobre cualquier posible incumplimiento por parte de este sitio web<\/p><\/li><li><p>Transmitir otras dificultades de acceso al contenido<\/p><\/li><li><p>Formular cualquier otra consulta o sugerencia de mejora relativa a la accesibilidad del sitio web<\/p><\/li><\/ul><p>a trav\u00e9s del formulario de contacto de este sitio web o a trav\u00e9s del n\u00famero de tel\u00e9fono <b>(+34) 946 023 636.<\/b><\/p><p>Puede presentar:<\/p><ul><li><p>Queja relativa al cumplimiento de los requisitos del RD 1112\/2018 o<\/p><\/li><li><p>Solicitud de Informaci\u00f3n accesible relativa a:<\/p><ul><li><p>Contenidos que est\u00e1n excluidos del \u00e1mbito de aplicaci\u00f3n del RD 1112\/2018 seg\u00fan lo establecido por el art\u00edculo 3, apartado 4<\/p><\/li><li><p>Contenidos que est\u00e1n exentos del cumplimiento de los requisitos de accesibilidad por imponer una carga desproporcionada<\/p><\/li><\/ul><\/li><\/ul><p>En la Solicitud de informaci\u00f3n accesible, se debe concretar, con toda claridad, los hechos, razones y petici\u00f3n que permitan constatar que se trata de una solicitud razonable y leg\u00edtima.<\/p><p>Las quejas y reclamaciones sobre informaci\u00f3n accesible se realizar\u00e1n a trav\u00e9s de la sede electr\u00f3nica (<b>https:\/\/aixaasesores.com<br \/><\/b><b>\/contacto\/<\/b>), y ser\u00e1n recibidas y tratadas por el \u00e1rea de Sistemas de la Informaci\u00f3n de<b> Aixa Asesores S.L.<\/b><\/p><h2 class=\"western\">Contenido opcional<\/h2><p>Este portal est\u00e1 dise\u00f1ado para poder cambiar el tama\u00f1o del texto y el color, as\u00ed como el fondo de la p\u00e1gina mediante las opciones de configuraci\u00f3n est\u00e1ndar de los navegadores.<\/p><p>Si desea cambiar el tama\u00f1o de letra del texto en los principales navegadores gr\u00e1ficos utilice los siguientes men\u00fas:<\/p><ul><li><p>Internet Explorer, Mozilla y Firefox: Ver &gt; Tama\u00f1o del texto<\/p><\/li><li><p>Opera: Ver &gt; Zoom<\/p><\/li><li><p>Safari: Ver &gt; Hacer el texto m\u00e1s grande<\/p><\/li><li><p>Chrome: Controla la p\u00e1gina actual &gt; Tama\u00f1o del texto<\/p><\/li><li><p>Para modificar el tama\u00f1o de todo en la p\u00e1gina:<\/p><ul><li><p>Ctrl + + para aumentarlo<\/p><\/li><li><p>Ctrl + \u2013 para disminuirlo<\/p><\/li><li><p>Ctrl + 0 restaura el tama\u00f1o original del texto<\/p><\/li><li><p>Si lo que quiere es anular la hoja de estilos o modificar el color del texto, puede consultar la p\u00e1gina\u00a0<span lang=\"en-US\">How to Change Text Size or Colors de la WAI<\/span>, que se puede leer traducida al espa\u00f1ol en \u00bfC\u00f3mo cambiar el tama\u00f1o del texto o colores?<\/p><\/li><\/ul><\/li><\/ul>\t\t\t\t\t\t\t\t<\/div>\n\t\t\t\t\t<\/div>\n\t\t<\/div>\n\t\t\t\t\t<\/div>\n\t\t<\/section>\n\t\t\t\t<\/div>","protected":false},"excerpt":{"rendered":"<p>ACCESIBILIDAD Aixa Asesores S.L.\u00a0se ha comprometido a hacer accesible su sitio web, de conformidad con el\u00a0Real Decreto 1112\/2018, de 7 de septiembre, sobre accesibilidad de los sitios web y aplicaciones para dispositivos m\u00f3viles del sector p\u00fablico. La presente declaraci\u00f3n de accesibilidad se aplica al sitio web\u00a0https:\/\/aixaasesores.com\/ Situaci\u00f3n de cumplimiento Este sitio web es parcialmente conforme [&hellip;]<\/p>\n","protected":false},"author":1,"featured_media":0,"parent":0,"menu_order":0,"comment_status":"closed","ping_status":"closed","template":"elementor_canvas","meta":{"footnotes":""},"class_list":["post-3","page","type-page","status-publish","hentry"],"yoast_head":"<!-- This site is optimized with the Yoast SEO plugin v27.3 - https:\/\/yoast.com\/product\/yoast-seo-wordpress\/ -->\n<title>Accesibilidad - Aixa Asesores S.L.<\/title>\n<meta name=\"robots\" content=\"index, follow, max-snippet:-1, max-image-preview:large, max-video-preview:-1\" \/>\n<link rel=\"canonical\" href=\"https:\/\/aixaasesores.com\/eu\/accesibilidad\/\" \/>\n<meta property=\"og:locale\" content=\"en_US\" \/>\n<meta property=\"og:type\" content=\"article\" \/>\n<meta property=\"og:title\" content=\"Accesibilidad - Aixa Asesores S.L.\" \/>\n<meta property=\"og:description\" content=\"ACCESIBILIDAD Aixa Asesores S.L.\u00a0se ha comprometido a hacer accesible su sitio web, de conformidad con el\u00a0Real Decreto 1112\/2018, de 7 de septiembre, sobre accesibilidad de los sitios web y aplicaciones para dispositivos m\u00f3viles del sector p\u00fablico. La presente declaraci\u00f3n de accesibilidad se aplica al sitio web\u00a0https:\/\/aixaasesores.com\/ Situaci\u00f3n de cumplimiento Este sitio web es parcialmente conforme [&hellip;]\" \/>\n<meta property=\"og:url\" content=\"https:\/\/aixaasesores.com\/eu\/accesibilidad\/\" \/>\n<meta property=\"og:site_name\" content=\"Aixa Asesores S.L.\" \/>\n<meta property=\"article:modified_time\" content=\"2025-10-09T11:33:58+00:00\" \/>\n<meta name=\"twitter:card\" content=\"summary_large_image\" \/>\n<meta name=\"twitter:label1\" content=\"Est. reading time\" \/>\n\t<meta name=\"twitter:data1\" content=\"3 minutua\" \/>\n<script type=\"application\/ld+json\" class=\"yoast-schema-graph\">{\"@context\":\"https:\\\/\\\/schema.org\",\"@graph\":[{\"@type\":\"WebPage\",\"@id\":\"https:\\\/\\\/aixaasesores.com\\\/accesibilidad\\\/\",\"url\":\"https:\\\/\\\/aixaasesores.com\\\/accesibilidad\\\/\",\"name\":\"Accesibilidad - Aixa Asesores S.L.\",\"isPartOf\":{\"@id\":\"https:\\\/\\\/aixaasesores.com\\\/#website\"},\"datePublished\":\"2025-10-08T15:38:27+00:00\",\"dateModified\":\"2025-10-09T11:33:58+00:00\",\"breadcrumb\":{\"@id\":\"https:\\\/\\\/aixaasesores.com\\\/accesibilidad\\\/#breadcrumb\"},\"inLanguage\":\"eu\",\"potentialAction\":[{\"@type\":\"ReadAction\",\"target\":[\"https:\\\/\\\/aixaasesores.com\\\/accesibilidad\\\/\"]}]},{\"@type\":\"BreadcrumbList\",\"@id\":\"https:\\\/\\\/aixaasesores.com\\\/accesibilidad\\\/#breadcrumb\",\"itemListElement\":[{\"@type\":\"ListItem\",\"position\":1,\"name\":\"Portada\",\"item\":\"https:\\\/\\\/aixaasesores.com\\\/\"},{\"@type\":\"ListItem\",\"position\":2,\"name\":\"Accesibilidad\"}]},{\"@type\":\"WebSite\",\"@id\":\"https:\\\/\\\/aixaasesores.com\\\/#website\",\"url\":\"https:\\\/\\\/aixaasesores.com\\\/\",\"name\":\"Aixa Asesores S.L.\",\"description\":\"Aixa Asesores S.L.\",\"publisher\":{\"@id\":\"https:\\\/\\\/aixaasesores.com\\\/#organization\"},\"potentialAction\":[{\"@type\":\"SearchAction\",\"target\":{\"@type\":\"EntryPoint\",\"urlTemplate\":\"https:\\\/\\\/aixaasesores.com\\\/?s={search_term_string}\"},\"query-input\":{\"@type\":\"PropertyValueSpecification\",\"valueRequired\":true,\"valueName\":\"search_term_string\"}}],\"inLanguage\":\"eu\"},{\"@type\":\"Organization\",\"@id\":\"https:\\\/\\\/aixaasesores.com\\\/#organization\",\"name\":\"Aixa Asesores S.L.\",\"url\":\"https:\\\/\\\/aixaasesores.com\\\/\",\"logo\":{\"@type\":\"ImageObject\",\"inLanguage\":\"eu\",\"@id\":\"https:\\\/\\\/aixaasesores.com\\\/#\\\/schema\\\/logo\\\/image\\\/\",\"url\":\"https:\\\/\\\/aixaasesores.com\\\/wp-content\\\/uploads\\\/2025\\\/10\\\/B95835492_logo.png\",\"contentUrl\":\"https:\\\/\\\/aixaasesores.com\\\/wp-content\\\/uploads\\\/2025\\\/10\\\/B95835492_logo.png\",\"width\":162,\"height\":111,\"caption\":\"Aixa Asesores S.L.\"},\"image\":{\"@id\":\"https:\\\/\\\/aixaasesores.com\\\/#\\\/schema\\\/logo\\\/image\\\/\"}}]}<\/script>\n<!-- \/ Yoast SEO plugin. -->","yoast_head_json":{"title":"Accesibilidad - Aixa Asesores S.L.","robots":{"index":"index","follow":"follow","max-snippet":"max-snippet:-1","max-image-preview":"max-image-preview:large","max-video-preview":"max-video-preview:-1"},"canonical":"https:\/\/aixaasesores.com\/eu\/accesibilidad\/","og_locale":"en_US","og_type":"article","og_title":"Accesibilidad - Aixa Asesores S.L.","og_description":"ACCESIBILIDAD Aixa Asesores S.L.\u00a0se ha comprometido a hacer accesible su sitio web, de conformidad con el\u00a0Real Decreto 1112\/2018, de 7 de septiembre, sobre accesibilidad de los sitios web y aplicaciones para dispositivos m\u00f3viles del sector p\u00fablico. La presente declaraci\u00f3n de accesibilidad se aplica al sitio web\u00a0https:\/\/aixaasesores.com\/ Situaci\u00f3n de cumplimiento Este sitio web es parcialmente conforme [&hellip;]","og_url":"https:\/\/aixaasesores.com\/eu\/accesibilidad\/","og_site_name":"Aixa Asesores S.L.","article_modified_time":"2025-10-09T11:33:58+00:00","twitter_card":"summary_large_image","twitter_misc":{"Est. reading time":"3 minutua"},"schema":{"@context":"https:\/\/schema.org","@graph":[{"@type":"WebPage","@id":"https:\/\/aixaasesores.com\/accesibilidad\/","url":"https:\/\/aixaasesores.com\/accesibilidad\/","name":"Accesibilidad - Aixa Asesores S.L.","isPartOf":{"@id":"https:\/\/aixaasesores.com\/#website"},"datePublished":"2025-10-08T15:38:27+00:00","dateModified":"2025-10-09T11:33:58+00:00","breadcrumb":{"@id":"https:\/\/aixaasesores.com\/accesibilidad\/#breadcrumb"},"inLanguage":"eu","potentialAction":[{"@type":"ReadAction","target":["https:\/\/aixaasesores.com\/accesibilidad\/"]}]},{"@type":"BreadcrumbList","@id":"https:\/\/aixaasesores.com\/accesibilidad\/#breadcrumb","itemListElement":[{"@type":"ListItem","position":1,"name":"Portada","item":"https:\/\/aixaasesores.com\/"},{"@type":"ListItem","position":2,"name":"Accesibilidad"}]},{"@type":"WebSite","@id":"https:\/\/aixaasesores.com\/#website","url":"https:\/\/aixaasesores.com\/","name":"Aixa Asesores S.L.","description":"Aixa Asesores S.L.","publisher":{"@id":"https:\/\/aixaasesores.com\/#organization"},"potentialAction":[{"@type":"SearchAction","target":{"@type":"EntryPoint","urlTemplate":"https:\/\/aixaasesores.com\/?s={search_term_string}"},"query-input":{"@type":"PropertyValueSpecification","valueRequired":true,"valueName":"search_term_string"}}],"inLanguage":"eu"},{"@type":"Organization","@id":"https:\/\/aixaasesores.com\/#organization","name":"Aixa Asesores S.L.","url":"https:\/\/aixaasesores.com\/","logo":{"@type":"ImageObject","inLanguage":"eu","@id":"https:\/\/aixaasesores.com\/#\/schema\/logo\/image\/","url":"https:\/\/aixaasesores.com\/wp-content\/uploads\/2025\/10\/B95835492_logo.png","contentUrl":"https:\/\/aixaasesores.com\/wp-content\/uploads\/2025\/10\/B95835492_logo.png","width":162,"height":111,"caption":"Aixa Asesores S.L."},"image":{"@id":"https:\/\/aixaasesores.com\/#\/schema\/logo\/image\/"}}]}},"_links":{"self":[{"href":"https:\/\/aixaasesores.com\/eu\/wp-json\/wp\/v2\/pages\/3","targetHints":{"allow":["GET"]}}],"collection":[{"href":"https:\/\/aixaasesores.com\/eu\/wp-json\/wp\/v2\/pages"}],"about":[{"href":"https:\/\/aixaasesores.com\/eu\/wp-json\/wp\/v2\/types\/page"}],"author":[{"embeddable":true,"href":"https:\/\/aixaasesores.com\/eu\/wp-json\/wp\/v2\/users\/1"}],"replies":[{"embeddable":true,"href":"https:\/\/aixaasesores.com\/eu\/wp-json\/wp\/v2\/comments?post=3"}],"version-history":[{"count":16,"href":"https:\/\/aixaasesores.com\/eu\/wp-json\/wp\/v2\/pages\/3\/revisions"}],"predecessor-version":[{"id":525,"href":"https:\/\/aixaasesores.com\/eu\/wp-json\/wp\/v2\/pages\/3\/revisions\/525"}],"wp:attachment":[{"href":"https:\/\/aixaasesores.com\/eu\/wp-json\/wp\/v2\/media?parent=3"}],"curies":[{"name":"wp","href":"https:\/\/api.w.org\/{rel}","templated":true}]}}